{"id":90,"date":"2017-08-31T13:46:00","date_gmt":"2017-08-31T10:46:00","guid":{"rendered":"http:\/\/handycarering.com\/?page_id=90"},"modified":"2022-07-31T21:10:36","modified_gmt":"2022-07-31T19:10:36","slug":"kayttajakokemuksia","status":"publish","type":"page","link":"https:\/\/handycarering.com\/en\/kayttajakokemuksia\/","title":{"rendered":"User Experiences"},"content":{"rendered":"<h1 class=\"western\"><span style=\"font-family: Arial, sans-serif; color: #000000; font-size: 14pt;\"><b>Handy Care Ring -User Experiences<\/b><\/span><\/h1>\n<hr \/>\n<div>\n<div>\n<p><span style=\"color: #000000; font-size: 12pt;\">Hei!\u00a0<\/span><\/p>\n<div dir=\"auto\"><span style=\"color: #000000; font-size: 12pt;\">Kiitos handy care ringist\u00e4.<\/span><\/div>\n<div dir=\"auto\"><span style=\"color: #000000; font-size: 12pt;\">\u00a0<\/span><\/div>\n<div dir=\"auto\"><span style=\"color: #000000; font-size: 12pt;\">Olen nyt k\u00e4ytt\u00e4nyt ringi\u00e4 noin 2kk ajan ja voin sanoa olevani tyytyv\u00e4inen. Minulla on frisbeegolfista johtuva rasitusvamma\/kuluma kyyn\u00e4rp\u00e4\u00e4ss\u00e4, joka kipuilee vaihtelevasti riippuen rasituksesta. Esimerkiksi tietokonety\u00f6st\u00e4 ja heittolajeista. Handy care ring on ollut loistava apu helpottamaan tilap\u00e4isi\u00e4 kiputiloja kyyn\u00e4rp\u00e4\u00e4ss\u00e4. Lopullista apua vammaan ei t\u00e4m\u00e4 ole tuonut, mutta sit\u00e4 en tuotteelta odottanutkaan. Handy care ring onkin t\u00e4ytt\u00e4nyt odotukseni t\u00e4ysin!<\/span><\/div>\n<div dir=\"auto\"><span style=\"color: #000000; font-size: 12pt;\">\u00a0<\/span><\/div>\n<div dir=\"auto\"><span style=\"color: #000000; font-size: 12pt;\">-Eemeli<\/span><\/div>\n<\/div>\n<hr \/>\n<div><span style=\"color: #000000; font-size: 12pt;\">Hei,<\/span><\/div>\n<div><span style=\"color: #000000;\">\u00a0<\/span><\/div>\n<div><span style=\"color: #000000; font-size: 12pt;\">Luin handycareringist\u00e4 saatuja kokemuksia nettisivuiltanne ja olin hieman ep\u00e4ilev\u00e4, ett\u00e4 niink\u00f6h\u00e4n laite on niin tehokas, kun kerrotaan. P\u00e4\u00e4tin kuitenkin tilata laitteen. Olen k\u00e4ytt\u00e4nyt handycareringi\u00e4\u00a0reilun kuukauden ja olen todella kiitollinen saamastani avusta. Minulla on ollut jo 1,5 vuoden ajan kroonistunut rasitusvamma kummassakin k\u00e4dess\u00e4. Kuntoutukseen kuuluu toki lihasten vahvistamista ja venyttely\u00e4 sek\u00e4 ajoittain k\u00e4sien hierontaa, mutta kipu on aina palannut uudelleen, kun rasitus on lis\u00e4\u00e4ntynyt. Ty\u00f6skentelen paljon tietokoneella, joten en ole voinut v\u00e4ltt\u00e4\u00e4 rasitusta riitt\u00e4v\u00e4sti.\u00a0<\/span><\/div>\n<div><span style=\"color: #000000; font-size: 12pt;\">\u00a0<\/span><\/div>\n<div><span style=\"color: #000000; font-size: 12pt;\">K\u00e4sittelen k\u00e4teni nyt viitisen kertaa viikossa, kummankin k\u00e4den k\u00e4sittelyyn menee 10-15 minuuttia kerralla. Kivut ovat loppuneet l\u00e4hes kokonaan ja ty\u00f6kykyni parantunut. Handycareringi\u00e4\u00a0on helppo k\u00e4ytt\u00e4\u00e4 ja k\u00e4sittely ei vie paljon aikaa. Liityn siis kiitollisten k\u00e4ytt\u00e4jien joukkoon.<\/span><\/div>\n<div><span style=\"color: #000000; font-size: 12pt;\">\u00a0<\/span><\/div>\n<div><span style=\"color: #000000; font-size: 12pt;\">Terveisin<\/span><\/div>\n<div><span style=\"color: #000000; font-size: 12pt;\">Gila<\/span><\/div>\n<\/div>\n<div>\n<hr \/>\n<\/div>\n<div><span style=\"font-size: 12pt; color: #000000;\">Hei!\u00a0<\/span><\/div>\n<div><span style=\"font-size: 12pt; color: #000000;\">\u00a0<\/span><\/div>\n<div>\n<div><span style=\"font-size: 12pt; color: #000000;\">Kokeilin Handy Care Ringi\u00e4 k\u00e4sivarsien kipuihini. Laite lievitti kipua, sek\u00e4 poisti k\u00e4sivarsistani kireytt\u00e4 jo muutaman k\u00e4ytt\u00f6kerran j\u00e4lkeen. Mutta lopullista apua vaivaani en saanut, koska k\u00e4vi ilmi ett\u00e4 kyyn\u00e4rvarren j\u00e4nteiss\u00e4 on repe\u00e4m\u00e4t.<\/span><\/div>\n<div><span style=\"font-size: 12pt; color: #000000;\">\u00a0<\/span><\/div>\n<div><span style=\"font-size: 12pt; color: #000000;\">Laitetta on helppo k\u00e4ytt\u00e4\u00e4, ihan huomaamattaan sit\u00e4 py\u00f6ritteli samalla kun katsoi telkkaria. Toimii varmasti kyyn\u00e4rvarren vaivojen hoitoon ja ennaltaehk\u00e4isyyn.<\/span><\/div>\n<div><\/div>\n<\/div>\n<hr \/>\n<p><span style=\"color: #000000; font-size: 12pt;\">Hei!<\/span><\/p>\n<div><span style=\"color: #000000; font-size: 12pt;\">Olen k\u00e4rsinyt kroonisista lihasjumeista varmaan koko el\u00e4m\u00e4ni ajan ja nyt viime vuosina k\u00e4sivarsien ongelmat ovat pahentuneet huomattavasti. Olen puusepp\u00e4, joten k\u00e4det ovat koetuksella jo ty\u00f6n puitteissa, mutta harrastan sen lis\u00e4ksi boulderointia ja bassonsoittoa. K\u00e4det eiv\u00e4t siis p\u00e4\u00e4se kovin helpolla ja ajoittain vaivat \u00e4rtyv\u00e4t miltei kivuksi asti &#8211; onneksi tuli tilattua tuo HCR sill\u00e4 se todellakin l\u00f6ysytt\u00e4\u00e4 nuita kyyn\u00e4rvarren lihaksia huomattavasti. Ehdottomasti hintansa v\u00e4\u00e4rti ostos.<\/span><\/div>\n<div><span style=\"color: #000000; font-size: 12pt;\"><span class=\"\" style=\"display:block;clear:both;height: 0px;padding-top: 20px;border-top-width:0px;border-bottom-width:0px;\"><\/span><\/span><\/div>\n<div><span style=\"color: #000000; font-size: 12pt;\">Yst.Terv.<\/span><\/div>\n<div><span style=\"color: #000000; font-size: 12pt;\">Joonas 30v<\/span><\/div>\n<div><img loading=\"lazy\" decoding=\"async\" class=\"alignnone wp-image-1841\" src=\"https:\/\/handycarering.com\/wp-content\/uploads\/2017\/08\/20200204_214707-300x225.jpg\" alt=\"\" width=\"210\" height=\"158\" srcset=\"https:\/\/handycarering.com\/wp-content\/uploads\/2017\/08\/20200204_214707-300x225.jpg 300w, https:\/\/handycarering.com\/wp-content\/uploads\/2017\/08\/20200204_214707-768x576.jpg 768w, https:\/\/handycarering.com\/wp-content\/uploads\/2017\/08\/20200204_214707-1024x768.jpg 1024w, https:\/\/handycarering.com\/wp-content\/uploads\/2017\/08\/20200204_214707-555x416.jpg 555w\" sizes=\"(max-width: 210px) 100vw, 210px\" \/><\/div>\n<div>\n<hr \/>\n<\/div>\n<p><span style=\"color: #000000; font-size: 12pt;\">Hei, Eero<\/span><\/p>\n<p><span style=\"color: #000000; font-size: 12pt;\">Yli 30 vuotta sairaanhoitajan ty\u00f6ss\u00e4 k\u00e4det joutuvat koville. Hyvin olen p\u00e4rj\u00e4nnyt,kunnes nyt oikea k\u00e4si ja kyyn\u00e4rp\u00e4\u00e4 alkoivat kipuilemaan.Otin heti Care Ringin k\u00e4ytt\u00f6\u00f6n ja jo viikon sis\u00e4ll\u00e4 sain apua kipuun. Tein joka p\u00e4iv\u00e4 muutaman minuutin kerrallaan ja laitoin \u00f6ljy\u00e4 iholle liukastamaan. Nyt kun kipu on helpottanut,k\u00e4yt\u00e4n rengasta muutaman kerran viikossa yll\u00e4pitohoitona.Aviomieskin huomasi, kuinka laite helpottaa k\u00e4sivarrenlihaksia rentouttavan vaikutuksen ja nyt k\u00e4yt\u00e4mme rengasta vuorotellen telkkaria katsoessa.<\/span><\/p>\n<p><span style=\"color: #000000; font-size: 12pt;\">&#8211; Raija<\/span><\/p>\n<hr \/>\n<p><span style=\"color: #000000; font-size: 12pt;\">Hi\u00a0Eero,<\/span><\/p>\n<p><span style=\"color: #000000; font-size: 12pt;\"><span class=\"\" style=\"display:block;clear:both;height: 0px;margin-top: -10px;border-top-width:0px;border-bottom-width:0px;\"><\/span><\/span><\/p>\n<p><span style=\"color: #000000;\"><span style=\"font-size: 12pt;\">After receiving the prototype in March 2017 to treat my forearm pain, I&#8217;ve now been <\/span><span style=\"font-size: 12pt;\">completely pain free for two months (August 2017).\u00a0<\/span><\/span><\/p>\n<p><span style=\"color: #000000; font-size: 12pt;\"><span class=\"\" style=\"display:block;clear:both;height: 0px;margin-top: -10px;border-top-width:0px;border-bottom-width:0px;\"><\/span><\/span><\/p>\n<p><span style=\"color: #000000;\"><span style=\"font-size: 12pt;\">I use a mouse and keyboard at my job daily. Previously I had tried changing to different types of mice, and even switching up the hand I use my mouse with.<\/span><span style=\"font-size: 12pt;\">\u00a0Last summer I tried playing golf and it was a pain.<\/span><\/span><\/p>\n<p><span style=\"color: #000000; font-size: 12pt;\"><span class=\"\" style=\"display:block;clear:both;height: 0px;margin-top: -10px;border-top-width:0px;border-bottom-width:0px;\"><\/span><\/span><\/p>\n<p><span style=\"color: #000000;\"><span style=\"font-size: 12pt;\">When I first started using the ring I was a bit skeptic, but now I must admit that I don&#8217;t have to switch up my mouse or my hands.<\/span><span style=\"font-size: 12pt;\">\u00a0And now I can golf with a straight face, as far as my forearms are concerned at least.<\/span><\/span><\/p>\n<p><span style=\"color: #000000; font-size: 12pt;\"><span class=\"\" style=\"display:block;clear:both;height: 0px;margin-top: -10px;border-top-width:0px;border-bottom-width:0px;\"><\/span><\/span><\/p>\n<p><span style=\"color: #000000;\"><span style=\"font-size: 12pt;\">At first I used the care-ring daily and in the next few weeks I noticed that my pain was gradually reducing\u00a0. After about one and a half months later my perseverance was rewarded\u00a0with almost completely pain free arms<\/span><span style=\"font-size: 12pt;\">.\u00a0Nowadays to keep my symptoms away, I use the care ring mostly in the evenings while watching television.<\/span><\/span><\/p>\n<p><span style=\"color: #000000; font-size: 12pt;\"><span class=\"\" style=\"display:block;clear:both;height: 0px;margin-top: -10px;border-top-width:0px;border-bottom-width:0px;\"><\/span><\/span><\/p>\n<p><span style=\"color: #000000; font-size: 12pt;\">Many thanks to you.<\/span><br \/>\n<span style=\"color: #000000; font-size: 12pt; font-family: arial, helvetica, sans-serif;\"> <em>&#8211; Petri R.<\/em><\/span><\/p>\n<hr \/>\n<p class=\"western\"><span lang=\"fi\" style=\"color: #000000; font-size: 12pt;\">Some time back I got into an accident at my workplace, which lead to having to get my right elbow operated.\u00a0(in the MRI of the right elbow, a partial rupture\u00a0in the\u00a0common extensor tendon).<\/span><\/p>\n<p class=\"western\"><span style=\"color: #000000; font-size: 12pt;\"><span class=\"\" style=\"display:block;clear:both;height: 0px;margin-top: -10px;border-top-width:0px;border-bottom-width:0px;\"><\/span><\/span><\/p>\n<p class=\"western\"><span style=\"color: #000000; font-size: 12pt;\">At the same time we noticed that the muscle in my right forearm was damaged. (this wasn&#8217;t operated)<\/span><\/p>\n<p class=\"western\"><span style=\"color: #000000; font-size: 12pt;\"><span class=\"\" style=\"display:block;clear:both;height: 0px;margin-top: -10px;border-top-width:0px;border-bottom-width:0px;\"><\/span><\/span><\/p>\n<p class=\"western\" lang=\"fi\"><span style=\"color: #000000; font-size: 12pt;\">A few months after the surgery my doctor who was specialized in\u00a0physiotherapy recommended me tennis-elbow-type Ft-control treatment &#8211; with NHS practices.<\/span><\/p>\n<p class=\"western\" lang=\"fi\"><span style=\"color: #000000; font-size: 12pt;\"><span class=\"\" style=\"display:block;clear:both;height: 0px;margin-top: -10px;border-top-width:0px;border-bottom-width:0px;\"><\/span><\/span><\/p>\n<p class=\"western\" lang=\"fi\"><span style=\"color: #000000; font-size: 12pt;\">So I started seeing a physiotherapist.\u00a0It\u00a0had been nearly three years since physiotherapy started and the pain in my forearms remained.<\/span><\/p>\n<p class=\"western\" lang=\"fi\"><span style=\"color: #000000; font-size: 12pt;\"><span class=\"\" style=\"display:block;clear:both;height: 0px;margin-top: -10px;border-top-width:0px;border-bottom-width:0px;\"><\/span><\/span><\/p>\n<p class=\"western\" lang=\"fi\"><span style=\"color: #000000; font-size: 12pt;\">One day\u00a0Harri (Ylitalo) showed me something,\u00a0asking if I had ever seen it before\u00a0(Handy Care Ring). After some discussion I of course was willing to give it a try. I must admit I was a bit skeptic at first.\u00a0After a couple of weeks of using the ring\u00a0I noticed, well, didn&#8217;t notice that tiring pain in my forearm. The ring had a positive effect on me. I&#8217;m really glad that I&#8217;m able to keep doing what I love at my workplace.<\/span><\/p>\n<p class=\"western\" lang=\"fi\"><span style=\"color: #000000; font-size: 12pt;\"><span class=\"\" style=\"display:block;clear:both;height: 0px;margin-top: -10px;border-top-width:0px;border-bottom-width:0px;\"><\/span><\/span><\/p>\n<p class=\"western\" lang=\"fi\"><span style=\"color: #000000; font-size: 12pt;\">Regards,<\/span><br \/>\n<span style=\"color: #000000; font-size: 12pt; font-family: arial, helvetica, sans-serif;\"> <em>&#8211;\u00a0Marko Py\u00f6r\u00e4l\u00e4<\/em><\/span><\/p>\n<hr \/>\n<p class=\"western\"><span style=\"font-family: Arial, sans-serif; color: #000000; font-size: 12pt;\">I&#8217;m a\u00a048\u00a0year old carpenter. I&#8217;ve been struggling with elbow and shoulder injuries for 15 years. I&#8217;ve had my fair share of rehabilitation and medication.\u00a0Seeing a masseur has relieved my pains, whenever I had the money and time for it.<\/span><\/p>\n<p class=\"western\"><span style=\"color: #000000;\"><span class=\"\" style=\"display:block;clear:both;height: 0px;margin-top: -10px;border-top-width:0px;border-bottom-width:0px;\"><\/span><\/span><\/p>\n<p class=\"western\"><span style=\"font-family: Arial, sans-serif; color: #000000; font-size: 12pt;\">With the care ring I bought from Eero Simuna, I&#8217;ve been able to ease my tennis-elbow troubles at home.\u00a0With about 20 minutes of using the ring in the evenings\u00a0I&#8217;ve seen significant improvement regarding my symptoms; numbness in my fingers has disappeared,\u00a0elbow symptoms have lessened significantly\u00a0and the pain in my shoulders has lessened a lot.<\/span><\/p>\n<p class=\"western\"><span style=\"color: #000000;\"><span class=\"\" style=\"display:block;clear:both;height: 0px;margin-top: -10px;border-top-width:0px;border-bottom-width:0px;\"><\/span><\/span><\/p>\n<p class=\"western\"><span style=\"font-family: Arial, sans-serif; color: #000000; font-size: 12pt;\">I&#8217;ve now been using the ring for about three weeks and I&#8217;m very positively surprised of how effective the ring has been.\u00a0Using the ring requires almost nothing ex. using it while watching television. I&#8217;d be willing to bet that anyone can see a notice with only this much effort. I&#8217;ve even started bringing the ring to work with me. It&#8217;s very easy to use\u00a0the ring for a couple of minutes whenever I have the time.\u00a0On the whole, the ring has had a big impact on my quality of life.<\/span><\/p>\n<p class=\"western\"><span style=\"color: #000000;\"><span class=\"\" style=\"display:block;clear:both;height: 0px;margin-top: -10px;border-top-width:0px;border-bottom-width:0px;\"><\/span><\/span><\/p>\n<p class=\"western\"><span style=\"font-family: Arial, sans-serif; color: #000000; font-size: 12pt;\">I&#8217;ll gladly recommend the ring for anyone who has had similar symptoms.\u00a0At the price of one trip to the masseur, I can relieve my symptoms every night at home.\u00a0And I hope that the ring will help me get rid of my tennis-elbow and\u00a0shoulder troubles\u00a0for good.<\/span><\/p>\n<p class=\"western\"><span style=\"color: #000000;\"><span class=\"\" style=\"display:block;clear:both;height: 0px;margin-top: -10px;border-top-width:0px;border-bottom-width:0px;\"><\/span><\/span><\/p>\n<p class=\"western\"><span style=\"color: #000000; font-family: arial, helvetica, sans-serif;\"><em><span style=\"font-size: 12pt;\">&#8211; Joni, carpenter<\/span><\/em><\/span><\/p>\n<hr \/>\n<p class=\"western\"><span style=\"font-family: Arial, sans-serif; color: #000000; font-size: 12pt;\">About a year ago we first had a discussion about the ring you had developed. I took it for a test run to relieve my tennis-elbow. I started using it every night for about\u00a030 minutes at a time while watching television and after\u00a0two to three weeks\u00a0I noticed significant improvement. Now that my arms are fine, I still use the ring casually (a couple times a week).\u00a0I work at hvac and my arms\u00a0are constantly under stress. I would gladly recommend the ring for anyone with arm problems.\u00a0It has been a huge help for me personally.<\/span><\/p>\n<p class=\"western\"><span style=\"color: #000000;\"><span class=\"\" style=\"display:block;clear:both;height: 0px;margin-top: -10px;border-top-width:0px;border-bottom-width:0px;\"><\/span><\/span><\/p>\n<p class=\"western\"><span style=\"color: #000000; font-family: arial, helvetica, sans-serif;\"><em><span style=\"font-size: 12pt;\">&#8211; Harri<\/span><\/em><\/span><\/p>\n<hr \/>\n<p class=\"western\"><span style=\"font-family: Arial, sans-serif; color: #000000; font-size: 12pt;\">Hi Eero.<\/span><\/p>\n<p class=\"western\"><span style=\"color: #000000;\"><span class=\"\" style=\"display:block;clear:both;height: 0px;margin-top: -10px;border-top-width:0px;border-bottom-width:0px;\"><\/span><\/span><\/p>\n<p class=\"western\"><span style=\"font-family: Arial, sans-serif; color: #000000; font-size: 12pt;\">I got to try out the ring for my tennis-elbow\u00a0and after just a couple of weeks I noticed huge improvement.\u00a0After trying it out I bought the ring and use it\u00a0two to four times a week\u00a0and the symptoms in my arms have stopped. It works like a charm.\u00a0I&#8217;ve recommended the ring to my friends who are struggling with similar issues.<\/span><\/p>\n<p class=\"western\"><span style=\"color: #000000;\"><span class=\"\" style=\"display:block;clear:both;height: 0px;margin-top: -10px;border-top-width:0px;border-bottom-width:0px;\"><\/span><\/span><\/p>\n<p class=\"western\"><span style=\"color: #000000;\"><span style=\"font-family: arial, helvetica, sans-serif;\"><em><span style=\"font-size: 12pt;\">&#8211; From Peku<\/span><\/em><\/span><span style=\"font-family: arial, helvetica, sans-serif;\"><em><span style=\"font-size: 12pt;\"><br class=\"none\" \/>ps.\u00a0I work at construction.<\/span><\/em><\/span><\/span><\/p>\n<hr \/>\n<p class=\"western\"><span style=\"font-family: Arial, sans-serif; color: #000000; font-size: 12pt;\">I play drums professionally\u00a0and booked an appointment to Eero because of nerve-compression. I had suffered from the symptoms for months. The appointment helped my symptoms, but they seemed to keep coming back.\u00a0In addition to stretching, Eero recommended me the\u00a0Handy Care Ringi\u00e4.\u00a0I started actively while warming up for my gigs. The tool worked wonders for me\u00a0since the symptoms from nerve-compression had disappeared and\u00a0my arms started feeling lighter in general.\u00a0A couple of minutes of using the ring\u00a0warms up my arms\u00a0which stops them from &#8220;locking up&#8221; while playing, and I can now play comfortably for the whole gig.<\/span><\/p>\n<p class=\"western\"><span style=\"color: #000000;\"><span class=\"\" style=\"display:block;clear:both;height: 0px;margin-top: -10px;border-top-width:0px;border-bottom-width:0px;\"><\/span><\/span><\/p>\n<p class=\"western\"><span style=\"color: #000000; font-family: arial, helvetica, sans-serif;\"><em><span style=\"font-size: 12pt;\">&#8211;\u00a0A musician<\/span><\/em><\/span><\/p>\n<hr \/>\n<p><span style=\"font-size: 12pt; color: #000000;\">Hello!<\/span><\/p>\n<p><span style=\"color: #000000;\"><span class=\"\" style=\"display:block;clear:both;height: 0px;margin-top: -10px;border-top-width:0px;border-bottom-width:0px;\"><\/span><\/span><\/p>\n<p><span style=\"font-size: 12pt; color: #000000;\">Here&#8217;s an office workers opinion on the care ring.<\/span><\/p>\n<p><span style=\"color: #000000;\"><span class=\"\" style=\"display:block;clear:both;height: 0px;margin-top: -10px;border-top-width:0px;border-bottom-width:0px;\"><\/span><\/span><\/p>\n<p><span style=\"font-size: 12pt; color: #000000;\">I&#8217;ve been using the ring daily for about three weeks now for my elbow symptoms. And I&#8217;ve been noticing positive results!<\/span><\/p>\n<p><span style=\"color: #000000;\"><span class=\"\" style=\"display:block;clear:both;height: 0px;margin-top: -10px;border-top-width:0px;border-bottom-width:0px;\"><\/span><\/span><\/p>\n<p><span style=\"font-size: 12pt; color: #000000;\">I&#8217;ve been using it on my forearms in the mornings and evenings\u00a0(I keep it in the kitchen to remind me to use it!). The sweet-spot for me has been at the front of my elbow. It&#8217;s the spot I&#8217;ve treated the most.<\/span><\/p>\n<p><span style=\"color: #000000;\"><span class=\"\" style=\"display:block;clear:both;height: 0px;margin-top: -10px;border-top-width:0px;border-bottom-width:0px;\"><\/span><\/span><\/p>\n<p><span style=\"font-size: 12pt; color: #000000;\">Now my arm feels a lot better and I have barely any\u00a0problems at all. I&#8217;d gladly recommend the ring for anyone with elbow problems!<\/span><\/p>\n<p><span style=\"color: #000000;\"><span class=\"\" style=\"display:block;clear:both;height: 0px;margin-top: -10px;border-top-width:0px;border-bottom-width:0px;\"><\/span><\/span><\/p>\n<p><span style=\"color: #000000;\"><em><span style=\"font-size: 12pt; font-family: arial, helvetica, sans-serif;\">&#8211; Raija<\/span><\/em><\/span><\/p>\n<p class=\"western\" lang=\"fi\"><span style=\"color: #0000ff;\"><a style=\"color: #0000ff;\" href=\"https:\/\/handycarering.com\/en\/tuote\/handy-care-ring-hoitorengas\/\"><strong><span style=\"font-size: 12pt;\">Shop<\/span><\/strong><\/a><\/span><\/p>\n","protected":false},"excerpt":{"rendered":"<p>Handy Care Ring -User Experiences Hei!\u00a0 Kiitos handy care ringist\u00e4. \u00a0 Olen nyt k\u00e4ytt\u00e4nyt ringi\u00e4 noin 2kk ajan ja voin sanoa olevani tyytyv\u00e4inen. Minulla on frisbeegolfista johtuva rasitusvamma\/kuluma kyyn\u00e4rp\u00e4\u00e4ss\u00e4, joka kipuilee vaihtelevasti riippuen rasituksesta. Esimerkiksi tietokonety\u00f6st\u00e4 ja heittolajeista. Handy care ring on ollut loistava apu helpottamaan tilap\u00e4isi\u00e4 kiputiloja kyyn\u00e4rp\u00e4\u00e4ss\u00e4. Lopullista apua vammaan ei t\u00e4m\u00e4 ole [&hellip;]<\/p>\n","protected":false},"author":1,"featured_media":0,"parent":0,"menu_order":0,"comment_status":"closed","ping_status":"closed","template":"","meta":{"footnotes":""},"_links":{"self":[{"href":"https:\/\/handycarering.com\/en\/wp-json\/wp\/v2\/pages\/90"}],"collection":[{"href":"https:\/\/handycarering.com\/en\/wp-json\/wp\/v2\/pages"}],"about":[{"href":"https:\/\/handycarering.com\/en\/wp-json\/wp\/v2\/types\/page"}],"author":[{"embeddable":true,"href":"https:\/\/handycarering.com\/en\/wp-json\/wp\/v2\/users\/1"}],"replies":[{"embeddable":true,"href":"https:\/\/handycarering.com\/en\/wp-json\/wp\/v2\/comments?post=90"}],"version-history":[{"count":87,"href":"https:\/\/handycarering.com\/en\/wp-json\/wp\/v2\/pages\/90\/revisions"}],"predecessor-version":[{"id":2555,"href":"https:\/\/handycarering.com\/en\/wp-json\/wp\/v2\/pages\/90\/revisions\/2555"}],"wp:attachment":[{"href":"https:\/\/handycarering.com\/en\/wp-json\/wp\/v2\/media?parent=90"}],"curies":[{"name":"wp","href":"https:\/\/api.w.org\/{rel}","templated":true}]}}