{"id":878,"date":"2017-10-18T10:41:33","date_gmt":"2017-10-18T08:41:33","guid":{"rendered":"http:\/\/handycarering.com\/?post_type=product&#038;p=878"},"modified":"2026-03-12T14:46:20","modified_gmt":"2026-03-12T12:46:20","slug":"handy-care-ring-hoitorengas","status":"publish","type":"product","link":"https:\/\/handycarering.com\/en\/p\/handy-care-ring-hoitorengas\/","title":{"rendered":"Handy Care Ring -hoitorengas"},"content":{"rendered":"<p>Handy Care Ring\u2122 -hoitorengas on itsehoitov\u00e4line, joka on tarkoitettu tennis- ja golfkyyn\u00e4rp\u00e4\u00e4n, hiirik\u00e4den sek\u00e4 muiden k\u00e4den rasitusvammojen hoitoon. Handy Care Ring\u2122 -hoitorenkaan avulla on mahdollista helpottaa k\u00e4sivarren lihasten kireytt\u00e4, jolloin lihasten oma paranemisprosessi p\u00e4\u00e4see k\u00e4ynnistym\u00e4\u00e4n.<\/p>\n<p><strong>Materiaali:<\/strong><\/p>\n<p><span class=\"\" style=\"display:block;clear:both;height: 0px;margin-top: -20px;border-top-width:0px;border-bottom-width:0px;\"><\/span>Rengas on valmistettu kierr\u00e4tyskelpoisesta Polypropeenista jota k\u00e4ytet\u00e4\u00e4n my\u00f6s elintarviketeollisuudessa.<br \/>\nHierontatutit ovat allergiavapaata TPU kumia.<\/p>\n<p>Tuote on valmistettu Kempeleess\u00e4 ja pakkaus Raumalla.<\/p>\n<p>K\u00e4den ymp\u00e4rysmitta max. noin 35cm.<\/p>\n","protected":false},"excerpt":{"rendered":"<p>Handy Care Ring\u2122 -hoitorengas on itsehoitov\u00e4line, joka on tarkoitettu tennis- ja golfkyyn\u00e4rp\u00e4\u00e4n, hiirik\u00e4den sek\u00e4 muiden k\u00e4den rasitusvammojen hoitoon.<\/p>\n<p>Tuote on valmistettu Kempeleess\u00e4 ja pakkaus Raumalla.<\/p>\n","protected":false},"featured_media":879,"comment_status":"open","ping_status":"closed","template":"","meta":[],"_links":{"self":[{"href":"https:\/\/handycarering.com\/en\/wp-json\/wp\/v2\/product\/878"}],"collection":[{"href":"https:\/\/handycarering.com\/en\/wp-json\/wp\/v2\/product"}],"about":[{"href":"https:\/\/handycarering.com\/en\/wp-json\/wp\/v2\/types\/product"}],"replies":[{"embeddable":true,"href":"https:\/\/handycarering.com\/en\/wp-json\/wp\/v2\/comments?post=878"}],"wp:featuredmedia":[{"embeddable":true,"href":"https:\/\/handycarering.com\/en\/wp-json\/wp\/v2\/media\/879"}],"wp:attachment":[{"href":"https:\/\/handycarering.com\/en\/wp-json\/wp\/v2\/media?parent=878"}],"curies":[{"name":"wp","href":"https:\/\/api.w.org\/{rel}","templated":true}]}}